{"id":212,"date":"2017-01-30T17:22:16","date_gmt":"2017-01-30T17:22:16","guid":{"rendered":"http:\/\/lokale.bytom.pl\/?page_id=212"},"modified":"2023-11-08T11:00:04","modified_gmt":"2023-11-08T11:00:04","slug":"dzialka-budowlana-scisle-centrum-bytomia","status":"publish","type":"page","link":"http:\/\/lokale.bytom.pl\/?page_id=212","title":{"rendered":"DZIA\u0141KA BUDOWLANA \u015aCIS\u0141E CENTRUM BYTOMIA 731 M2"},"content":{"rendered":"\n<p>DZIA\u0141KA BUDOWLANA O POWIERZCHNI 731 M2.<\/p>\n\n\n\n<p>\u015aCIS\u0141E CENTRUM BYTOMIA. SKRZY\u017bOWANIE ULIC KRAKOWSKIEJ I J\u00d3ZEFCZAKA<\/p>\n\n\n\n<p>CENA SPRZEDA\u017bY\u00a0 <strong>450.000,- z\u0142 + VAT<\/strong><\/p>\n\n\n\n<p>Dokumenty przygotowane do pozwolenia na budow\u0119 :<\/p>\n\n\n\n<p>1. Opinia techniczna stwierdzaj\u0105ca wp\u0142yw inwestycji na budynki s\u0105siednie.<\/p>\n\n\n\n<p>2. Opinia geotechniczna.<\/p>\n\n\n\n<p>3. Pozwolenie Prezydenta Miasta Bytomia na lokalizacj\u0119 zjazdu publicznego z drogi gminnej.<\/p>\n\n\n\n<p>4. Pozwolenie Prezydenta Miasta Bytomia na lokalizacj\u0119 zatoki postojowej.<\/p>\n\n\n\n<p>5. Zapewnienie przy\u0142\u0105cza i dostawy energii elektrycznej TAURON<\/p>\n\n\n\n<p>6. Zapewnienie przy\u0142\u0105cza i dostawy energii cieplnej PEC.<\/p>\n\n\n\n<p>7. Warunki techniczne i og\u00f3lne przy\u0142\u0105czenia do miejskiej sieci wod-kan.<\/p>\n\n\n\n<figure class=\"wp-block-image alignfull\"><img loading=\"lazy\" width=\"300\" height=\"164\" src=\"http:\/\/lokale.bytom.pl\/wp-content\/uploads\/2017\/01\/Zrzut-ekranu-2017-01-30-18.01.56-300x164.png\" alt=\"\" class=\"wp-image-214\" srcset=\"http:\/\/lokale.bytom.pl\/wp-content\/uploads\/2017\/01\/Zrzut-ekranu-2017-01-30-18.01.56-300x164.png 300w, http:\/\/lokale.bytom.pl\/wp-content\/uploads\/2017\/01\/Zrzut-ekranu-2017-01-30-18.01.56-768x421.png 768w, http:\/\/lokale.bytom.pl\/wp-content\/uploads\/2017\/01\/Zrzut-ekranu-2017-01-30-18.01.56-1024x561.png 1024w, http:\/\/lokale.bytom.pl\/wp-content\/uploads\/2017\/01\/Zrzut-ekranu-2017-01-30-18.01.56.png 1571w\" sizes=\"(max-width: 300px) 100vw, 300px\" \/><\/figure>\n\n\n\n<figure class=\"wp-block-image alignfull\"><img loading=\"lazy\" width=\"300\" height=\"156\" src=\"http:\/\/lokale.bytom.pl\/wp-content\/uploads\/2017\/01\/Zrzut-ekranu-2017-01-30-18.02.41-300x156.png\" alt=\"\" class=\"wp-image-215\" srcset=\"http:\/\/lokale.bytom.pl\/wp-content\/uploads\/2017\/01\/Zrzut-ekranu-2017-01-30-18.02.41-300x156.png 300w, http:\/\/lokale.bytom.pl\/wp-content\/uploads\/2017\/01\/Zrzut-ekranu-2017-01-30-18.02.41-768x400.png 768w, http:\/\/lokale.bytom.pl\/wp-content\/uploads\/2017\/01\/Zrzut-ekranu-2017-01-30-18.02.41-1024x533.png 1024w, http:\/\/lokale.bytom.pl\/wp-content\/uploads\/2017\/01\/Zrzut-ekranu-2017-01-30-18.02.41.png 1626w\" sizes=\"(max-width: 300px) 100vw, 300px\" \/><\/figure>\n","protected":false},"excerpt":{"rendered":"<p>DZIA\u0141KA BUDOWLANA O POWIERZCHNI 731 M2. \u015aCIS\u0141E CENTRUM BYTOMIA. SKRZY\u017bOWANIE ULIC KRAKOWSKIEJ I J\u00d3ZEFCZAKA CENA SPRZEDA\u017bY\u00a0 450.000,- z\u0142 + VAT Dokumenty przygotowane do pozwolenia na budow\u0119 : 1. Opinia techniczna stwierdzaj\u0105ca wp\u0142yw inwestycji na budynki s\u0105siednie. 2. Opinia geotechniczna. 3. Pozwolenie Prezydenta Miasta Bytomia na lokalizacj\u0119 zjazdu publicznego z drogi gminnej. 4. Pozwolenie Prezydenta Miasta [&hellip;]<\/p>\n","protected":false},"author":1,"featured_media":214,"parent":0,"menu_order":0,"comment_status":"closed","ping_status":"closed","template":"","meta":[],"_links":{"self":[{"href":"http:\/\/lokale.bytom.pl\/index.php?rest_route=\/wp\/v2\/pages\/212"}],"collection":[{"href":"http:\/\/lokale.bytom.pl\/index.php?rest_route=\/wp\/v2\/pages"}],"about":[{"href":"http:\/\/lokale.bytom.pl\/index.php?rest_route=\/wp\/v2\/types\/page"}],"author":[{"embeddable":true,"href":"http:\/\/lokale.bytom.pl\/index.php?rest_route=\/wp\/v2\/users\/1"}],"replies":[{"embeddable":true,"href":"http:\/\/lokale.bytom.pl\/index.php?rest_route=%2Fwp%2Fv2%2Fcomments&post=212"}],"version-history":[{"count":16,"href":"http:\/\/lokale.bytom.pl\/index.php?rest_route=\/wp\/v2\/pages\/212\/revisions"}],"predecessor-version":[{"id":1570,"href":"http:\/\/lokale.bytom.pl\/index.php?rest_route=\/wp\/v2\/pages\/212\/revisions\/1570"}],"wp:featuredmedia":[{"embeddable":true,"href":"http:\/\/lokale.bytom.pl\/index.php?rest_route=\/wp\/v2\/media\/214"}],"wp:attachment":[{"href":"http:\/\/lokale.bytom.pl\/index.php?rest_route=%2Fwp%2Fv2%2Fmedia&parent=212"}],"curies":[{"name":"wp","href":"https:\/\/api.w.org\/{rel}","templated":true}]}}