{"id":1134,"date":"2019-07-12T13:59:33","date_gmt":"2019-07-12T13:59:33","guid":{"rendered":"http:\/\/lokale.bytom.pl\/?page_id=1134"},"modified":"2023-11-08T11:13:44","modified_gmt":"2023-11-08T11:13:44","slug":"teren-komercyjny-bytom-strzelcow-bytomskich-trasa-krajowadk11","status":"publish","type":"page","link":"http:\/\/lokale.bytom.pl\/?page_id=1134","title":{"rendered":"TEREN KOMERCYJNY BYTOM UL. STRZELC\u00d3W BYTOMSKICH  DROGA KRAJOWA DK11 -oko\u0142o  12.067 m2"},"content":{"rendered":"\n<div>\n<div class=\"css-1q8x16x-fade-AdDescription-className\">\n<p>Teren komercyjny na trasie Bytom &#8211; Tarnowskie G\u00f3ry &#8211; Droga krajowa 11<\/p>\n<p>Plan zagospodarowania terenu &#8211; UCHWA\u0141A NR XVII\/217\/11 RADY MIEJSKIEJ W BYTOMIU<\/p>\n<p>Tereny us\u0142ugowe<\/p>\n<p>2 wjazdy<\/p>\n<p>Cena sprzeda\u017cy 3.900.000,- + VAT<\/p>\n<\/div>\n<\/div>\n\n\n\n<p><\/p>\n\n\n\n<p><strong>MO\u017bLIWO\u015a\u0106 KUPNA CZ\u0118\u015aCI NIERUCHOMO\u015aCI ORAZ DOKUPIENIA DZIA\u0141KI vis-a-vis<\/strong><\/p>\n\n\n\n<figure class=\"wp-block-image alignfull size-large\"><img loading=\"lazy\" width=\"1024\" height=\"576\" src=\"http:\/\/lokale.bytom.pl\/wp-content\/uploads\/2023\/05\/Bytom-Strzelco\u0301w-dzialka-1024x576.jpg\" alt=\"\" class=\"wp-image-1555\" srcset=\"http:\/\/lokale.bytom.pl\/wp-content\/uploads\/2023\/05\/Bytom-Strzelco\u0301w-dzialka-1024x576.jpg 1024w, http:\/\/lokale.bytom.pl\/wp-content\/uploads\/2023\/05\/Bytom-Strzelco\u0301w-dzialka-300x169.jpg 300w, http:\/\/lokale.bytom.pl\/wp-content\/uploads\/2023\/05\/Bytom-Strzelco\u0301w-dzialka-768x432.jpg 768w, http:\/\/lokale.bytom.pl\/wp-content\/uploads\/2023\/05\/Bytom-Strzelco\u0301w-dzialka-1536x865.jpg 1536w, http:\/\/lokale.bytom.pl\/wp-content\/uploads\/2023\/05\/Bytom-Strzelco\u0301w-dzialka-2048x1153.jpg 2048w, http:\/\/lokale.bytom.pl\/wp-content\/uploads\/2023\/05\/Bytom-Strzelco\u0301w-dzialka-1240x698.jpg 1240w, http:\/\/lokale.bytom.pl\/wp-content\/uploads\/2023\/05\/Bytom-Strzelco\u0301w-dzialka-508x286.jpg 508w\" sizes=\"(max-width: 1024px) 100vw, 1024px\" \/><\/figure>\n\n\n\n<figure class=\"wp-block-image alignwide\"><img loading=\"lazy\" width=\"300\" height=\"169\" src=\"http:\/\/lokale.bytom.pl\/wp-content\/uploads\/2019\/07\/Bytom-Strzelco\u0301w-dzia\u0142ka-300x169.jpg\" alt=\"\" class=\"wp-image-1135\" srcset=\"http:\/\/lokale.bytom.pl\/wp-content\/uploads\/2019\/07\/Bytom-Strzelco\u0301w-dzia\u0142ka-300x169.jpg 300w, http:\/\/lokale.bytom.pl\/wp-content\/uploads\/2019\/07\/Bytom-Strzelco\u0301w-dzia\u0142ka-768x432.jpg 768w, http:\/\/lokale.bytom.pl\/wp-content\/uploads\/2019\/07\/Bytom-Strzelco\u0301w-dzia\u0142ka-1024x576.jpg 1024w\" sizes=\"(max-width: 300px) 100vw, 300px\" \/><\/figure>\n\n\n\n<figure class=\"wp-block-image alignwide\"><img loading=\"lazy\" width=\"300\" height=\"169\" src=\"http:\/\/lokale.bytom.pl\/wp-content\/uploads\/2019\/08\/Bytom-Strzelco\u0301w-dzia\u0142ki-dwie-strony-300x169.jpg\" alt=\"\" class=\"wp-image-1204\" srcset=\"http:\/\/lokale.bytom.pl\/wp-content\/uploads\/2019\/08\/Bytom-Strzelco\u0301w-dzia\u0142ki-dwie-strony-300x169.jpg 300w, http:\/\/lokale.bytom.pl\/wp-content\/uploads\/2019\/08\/Bytom-Strzelco\u0301w-dzia\u0142ki-dwie-strony-768x432.jpg 768w, http:\/\/lokale.bytom.pl\/wp-content\/uploads\/2019\/08\/Bytom-Strzelco\u0301w-dzia\u0142ki-dwie-strony-1024x576.jpg 1024w, http:\/\/lokale.bytom.pl\/wp-content\/uploads\/2019\/08\/Bytom-Strzelco\u0301w-dzia\u0142ki-dwie-strony-1240x698.jpg 1240w, http:\/\/lokale.bytom.pl\/wp-content\/uploads\/2019\/08\/Bytom-Strzelco\u0301w-dzia\u0142ki-dwie-strony-508x286.jpg 508w\" sizes=\"(max-width: 300px) 100vw, 300px\" \/><\/figure>\n\n\n\n<figure class=\"wp-block-image alignwide\"><img loading=\"lazy\" width=\"300\" height=\"236\" src=\"http:\/\/lokale.bytom.pl\/wp-content\/uploads\/2019\/07\/Dworska_ZachE\u0328d_XVII_217_11_zal1-2-300x236.jpg\" alt=\"\" class=\"wp-image-1136\" srcset=\"http:\/\/lokale.bytom.pl\/wp-content\/uploads\/2019\/07\/Dworska_ZachE\u0328d_XVII_217_11_zal1-2-300x236.jpg 300w, http:\/\/lokale.bytom.pl\/wp-content\/uploads\/2019\/07\/Dworska_ZachE\u0328d_XVII_217_11_zal1-2-768x604.jpg 768w, http:\/\/lokale.bytom.pl\/wp-content\/uploads\/2019\/07\/Dworska_ZachE\u0328d_XVII_217_11_zal1-2-1024x805.jpg 1024w\" sizes=\"(max-width: 300px) 100vw, 300px\" \/><\/figure>\n\n\n\n<figure class=\"wp-block-image alignwide\"><img loading=\"lazy\" width=\"300\" height=\"267\" src=\"http:\/\/lokale.bytom.pl\/wp-content\/uploads\/2019\/07\/dzia\u0142ka-plan-300x267.png\" alt=\"\" class=\"wp-image-1137\" srcset=\"http:\/\/lokale.bytom.pl\/wp-content\/uploads\/2019\/07\/dzia\u0142ka-plan-300x267.png 300w, http:\/\/lokale.bytom.pl\/wp-content\/uploads\/2019\/07\/dzia\u0142ka-plan-768x684.png 768w, http:\/\/lokale.bytom.pl\/wp-content\/uploads\/2019\/07\/dzia\u0142ka-plan-1024x912.png 1024w, http:\/\/lokale.bytom.pl\/wp-content\/uploads\/2019\/07\/dzia\u0142ka-plan.png 1163w\" sizes=\"(max-width: 300px) 100vw, 300px\" \/><\/figure>\n\n\n\n<figure class=\"wp-block-image alignwide\"><img loading=\"lazy\" width=\"300\" height=\"198\" src=\"http:\/\/lokale.bytom.pl\/wp-content\/uploads\/2019\/07\/Strzelco\u0301w-dzia\u0142ka-7500m2-300x198.jpg\" alt=\"\" class=\"wp-image-1139\" srcset=\"http:\/\/lokale.bytom.pl\/wp-content\/uploads\/2019\/07\/Strzelco\u0301w-dzia\u0142ka-7500m2-300x198.jpg 300w, http:\/\/lokale.bytom.pl\/wp-content\/uploads\/2019\/07\/Strzelco\u0301w-dzia\u0142ka-7500m2-768x506.jpg 768w, http:\/\/lokale.bytom.pl\/wp-content\/uploads\/2019\/07\/Strzelco\u0301w-dzia\u0142ka-7500m2-1024x674.jpg 1024w\" sizes=\"(max-width: 300px) 100vw, 300px\" \/><\/figure>\n\n\n\n<figure class=\"wp-block-image alignwide\"><img loading=\"lazy\" width=\"300\" height=\"173\" src=\"http:\/\/lokale.bytom.pl\/wp-content\/uploads\/2019\/07\/Zrzut-ekranu-2019-07-12-15.52.48-300x173.png\" alt=\"\" class=\"wp-image-1142\" srcset=\"http:\/\/lokale.bytom.pl\/wp-content\/uploads\/2019\/07\/Zrzut-ekranu-2019-07-12-15.52.48-300x173.png 300w, http:\/\/lokale.bytom.pl\/wp-content\/uploads\/2019\/07\/Zrzut-ekranu-2019-07-12-15.52.48-768x442.png 768w, http:\/\/lokale.bytom.pl\/wp-content\/uploads\/2019\/07\/Zrzut-ekranu-2019-07-12-15.52.48-1024x589.png 1024w, http:\/\/lokale.bytom.pl\/wp-content\/uploads\/2019\/07\/Zrzut-ekranu-2019-07-12-15.52.48.png 1920w\" sizes=\"(max-width: 300px) 100vw, 300px\" \/><\/figure>\n","protected":false},"excerpt":{"rendered":"<p>Teren komercyjny na trasie Bytom &#8211; Tarnowskie G\u00f3ry &#8211; Droga krajowa 11 Plan zagospodarowania terenu &#8211; UCHWA\u0141A NR XVII\/217\/11 RADY MIEJSKIEJ W BYTOMIU Tereny us\u0142ugowe 2 wjazdy Cena sprzeda\u017cy 3.900.000,- + VAT MO\u017bLIWO\u015a\u0106 KUPNA CZ\u0118\u015aCI NIERUCHOMO\u015aCI ORAZ DOKUPIENIA DZIA\u0141KI vis-a-vis<\/p>\n","protected":false},"author":1,"featured_media":1555,"parent":0,"menu_order":0,"comment_status":"closed","ping_status":"closed","template":"","meta":[],"_links":{"self":[{"href":"http:\/\/lokale.bytom.pl\/index.php?rest_route=\/wp\/v2\/pages\/1134"}],"collection":[{"href":"http:\/\/lokale.bytom.pl\/index.php?rest_route=\/wp\/v2\/pages"}],"about":[{"href":"http:\/\/lokale.bytom.pl\/index.php?rest_route=\/wp\/v2\/types\/page"}],"author":[{"embeddable":true,"href":"http:\/\/lokale.bytom.pl\/index.php?rest_route=\/wp\/v2\/users\/1"}],"replies":[{"embeddable":true,"href":"http:\/\/lokale.bytom.pl\/index.php?rest_route=%2Fwp%2Fv2%2Fcomments&post=1134"}],"version-history":[{"count":16,"href":"http:\/\/lokale.bytom.pl\/index.php?rest_route=\/wp\/v2\/pages\/1134\/revisions"}],"predecessor-version":[{"id":1579,"href":"http:\/\/lokale.bytom.pl\/index.php?rest_route=\/wp\/v2\/pages\/1134\/revisions\/1579"}],"wp:featuredmedia":[{"embeddable":true,"href":"http:\/\/lokale.bytom.pl\/index.php?rest_route=\/wp\/v2\/media\/1555"}],"wp:attachment":[{"href":"http:\/\/lokale.bytom.pl\/index.php?rest_route=%2Fwp%2Fv2%2Fmedia&parent=1134"}],"curies":[{"name":"wp","href":"https:\/\/api.w.org\/{rel}","templated":true}]}}